{"id":170,"date":"2026-03-10T15:11:35","date_gmt":"2026-03-10T15:11:35","guid":{"rendered":"https:\/\/dongtocviet.online\/?post_type=product&#038;p=170"},"modified":"2026-03-10T15:25:19","modified_gmt":"2026-03-10T15:25:19","slug":"dong-suoi-thi-tham-anh-sang-rung-xanh","status":"publish","type":"product","link":"https:\/\/dongtocviet.online\/?product=dong-suoi-thi-tham-anh-sang-rung-xanh","title":{"rendered":"D\u00f2ng Su\u1ed1i Th\u00ec Th\u1ea7m \u2013 \u00c1nh S\u00e1ng R\u1eebng Xanh"},"content":{"rendered":"<p dir=\"auto\"><strong>Gi\u00e1 tr\u1ecb ngh\u1ec7 thu\u1eadt &amp; tinh th\u1ea7n n\u1ed5i b\u1eadt:<\/strong><\/p>\n<ul dir=\"auto\">\n<li>Th\u1ea9m m\u1ef9: B\u1ea3ng m\u00e0u xanh ch\u1ee7 \u0111\u1ea1o (t\u1eeb \u0111\u1eadm \u0111\u1ebfn nh\u1ea1t) \u0111\u01b0\u1ee3c s\u1eed d\u1ee5ng c\u1ef1c k\u1ef3 tinh t\u1ebf, k\u1ebft h\u1ee3p v\u1edbi \u00e1nh s\u00e1ng t\u01b0\u01a1ng ph\u1ea3n t\u1ea1o chi\u1ec1u s\u00e2u 3D m\u1ea1nh m\u1ebd, khi\u1ebfn b\u1ee9c tranh \u201ch\u00edt th\u1edf\u201d v\u00e0 s\u1ed1ng \u0111\u1ed9ng ngay c\u1ea3 khi treo trong kh\u00f4ng gian hi\u1ec7n \u0111\u1ea1i.<\/li>\n<li>C\u1ea3m x\u00fac: Mang \u0111\u1ebfn c\u1ea3m gi\u00e1c b\u00ecnh y\u00ean s\u00e2u l\u1eafng, xoa d\u1ecbu t\u00e2m h\u1ed3n, gi\u00fap ng\u01b0\u1eddi xem nh\u01b0 \u0111\u01b0\u1ee3c t\u00e1ch kh\u1ecfi nh\u1ecbp s\u1ed1ng \u0111\u00f4 th\u1ecb \u1ed3n \u00e0o.<\/li>\n<li>Th\u00f4ng \u0111i\u1ec7p: Nh\u1eafc nh\u1edf v\u1ec1 gi\u00e1 tr\u1ecb b\u1ea3o t\u1ed3n thi\u00ean nhi\u00ean, s\u1ef1 h\u00e0i h\u00f2a gi\u1eefa con ng\u01b0\u1eddi v\u00e0 m\u00f4i tr\u01b0\u1eddng \u2013 m\u1ed9t th\u00f4ng \u0111i\u1ec7p xanh \u0111\u1ea7y nh\u00e2n v\u0103n trong th\u1eddi \u0111\u1ea1i bi\u1ebfn \u0111\u1ed5i kh\u00ed h\u1eadu.<\/li>\n<\/ul>\n<p dir=\"auto\">B\u1ee9c tranh r\u1ea5t ph\u00f9 h\u1ee3p \u0111\u1ec3 treo trong ph\u00f2ng kh\u00e1ch, ph\u00f2ng l\u00e0m vi\u1ec7c ho\u1eb7c spa, v\u1eeba n\u00e2ng t\u1ea7m kh\u00f4ng gian v\u1eeba truy\u1ec1n t\u1ea3i n\u0103ng l\u01b0\u1ee3ng t\u00edch c\u1ef1c v\u00e0 s\u1ef1 t\u01b0\u01a1i m\u1edbi m\u1ed7i ng\u00e0y. \u0110\u00e2y th\u1ef1c s\u1ef1 l\u00e0 m\u1ed9t t\u00e1c ph\u1ea9m ngh\u1ec7 thu\u1eadt \u0111\u00e1ng s\u01b0u t\u1ea7m v\u1edbi s\u1ee9c s\u1ed1ng l\u00e2u d\u00e0i!<\/p>\n<div id=\"ACBC4197_CF72_E970_D657_023A77A14554\"><\/div>\n<div id=\"ACBC4197_CF72_E970_D657_023A77A14554\"><\/div>\n","protected":false},"excerpt":{"rendered":"<p dir=\"auto\">B\u1ee9c tranh l\u00e0 m\u1ed9t tuy\u1ec7t t\u00e1c phong c\u1ea3nh thi\u00ean nhi\u00ean thu\u1ea7n khi\u1ebft, l\u1ea5y c\u1ea3m h\u1ee9ng t\u1eeb l\u1ed1i v\u1ebd hi\u1ec7n th\u1ef1c l\u00e3ng m\u1ea1n k\u1ebft h\u1ee3p k\u1ef9 thu\u1eadt \u00e1nh s\u00e1ng \u1ea5n t\u01b0\u1ee3ng. D\u00f2ng su\u1ed1i xanh ng\u1ecdc b\u00edch u\u1ed1n l\u01b0\u1ee3n nh\u01b0 m\u1ed9t d\u1ea3i l\u1ee5a s\u1ed1ng \u0111\u1ed9ng d\u1eabn m\u1eaft ng\u01b0\u1eddi xem s\u00e2u v\u00e0o l\u00f2ng r\u1eebng, n\u01a1i nh\u1eefng tia n\u1eafng v\u00e0ng \u00f3ng len l\u1ecfi qua t\u1ea7ng l\u00e1 xanh m\u01b0\u1edbt, t\u1ea1o n\u00ean hi\u1ec7u \u1ee9ng huy\u1ec1n \u1ea3o nh\u01b0 m\u1ed9t c\u00e1nh c\u1eeda th\u1ea7n ti\u00ean v\u1eeba m\u1edf ra. Nh\u1eefng th\u00e2n c\u00e2y cao v\u00fat, l\u00e1 c\u00e2y rung rinh v\u00e0 d\u00f2ng n\u01b0\u1edbc l\u1ea5p l\u00e1nh ph\u1ea3n chi\u1ebfu \u00e1nh s\u00e1ng ch\u00ednh l\u00e0 trung t\u00e2m c\u1ea3m x\u00fac, g\u1ee3i l\u00ean s\u1ef1 s\u1ed1ng \u0111\u1ed9ng, trong tr\u1ebbo v\u00e0 b\u1ea5t t\u1eadn c\u1ee7a thi\u00ean nhi\u00ean.<\/p>\n<div id=\"ACBC4197_CF72_E970_D657_023A77A14554\"><\/div>\n<div id=\"ACBC4197_CF72_E970_D657_023A77A14554\"><\/div>\n","protected":false},"featured_media":0,"comment_status":"open","ping_status":"closed","template":"","meta":[],"product_brand":[],"product_cat":[22],"product_tag":[],"class_list":{"0":"post-170","1":"product","2":"type-product","3":"status-publish","5":"product_cat-chua-phan-loai","7":"first","8":"instock","9":"shipping-taxable","10":"product-type-simple"},"jetpack_sharing_enabled":true,"_links":{"self":[{"href":"https:\/\/dongtocviet.online\/index.php?rest_route=\/wp\/v2\/product\/170","targetHints":{"allow":["GET"]}}],"collection":[{"href":"https:\/\/dongtocviet.online\/index.php?rest_route=\/wp\/v2\/product"}],"about":[{"href":"https:\/\/dongtocviet.online\/index.php?rest_route=\/wp\/v2\/types\/product"}],"replies":[{"embeddable":true,"href":"https:\/\/dongtocviet.online\/index.php?rest_route=%2Fwp%2Fv2%2Fcomments&post=170"}],"wp:attachment":[{"href":"https:\/\/dongtocviet.online\/index.php?rest_route=%2Fwp%2Fv2%2Fmedia&parent=170"}],"wp:term":[{"taxonomy":"product_brand","embeddable":true,"href":"https:\/\/dongtocviet.online\/index.php?rest_route=%2Fwp%2Fv2%2Fproduct_brand&post=170"},{"taxonomy":"product_cat","embeddable":true,"href":"https:\/\/dongtocviet.online\/index.php?rest_route=%2Fwp%2Fv2%2Fproduct_cat&post=170"},{"taxonomy":"product_tag","embeddable":true,"href":"https:\/\/dongtocviet.online\/index.php?rest_route=%2Fwp%2Fv2%2Fproduct_tag&post=170"}],"curies":[{"name":"wp","href":"https:\/\/api.w.org\/{rel}","templated":true}]}}