{"id":154,"date":"2026-03-10T13:53:35","date_gmt":"2026-03-10T13:53:35","guid":{"rendered":"https:\/\/dongtocviet.online\/?post_type=product&#038;p=154"},"modified":"2026-03-10T13:53:50","modified_gmt":"2026-03-10T13:53:50","slug":"lan-song-cuon-trao","status":"publish","type":"product","link":"https:\/\/dongtocviet.online\/?product=lan-song-cuon-trao","title":{"rendered":"Tranh L\u00e0n S\u00f3ng Cu\u1ed9n Tr\u00e0o"},"content":{"rendered":"<p dir=\"auto\"><strong>Gi\u00e1 tr\u1ecb ngh\u1ec7 thu\u1eadt:<\/strong><\/p>\n<ul dir=\"auto\">\n<li><strong>Gi\u00e1 tr\u1ecb th\u1ea9m m\u1ef9:<\/strong> S\u1eed d\u1ee5ng b\u1ea3ng m\u00e0u xanh d\u01b0\u01a1ng ch\u1ee7 \u0111\u1ea1o k\u1ebft h\u1ee3p tr\u1eafng t\u1ea1o chi\u1ec1u s\u00e2u v\u00e0 chuy\u1ec3n \u0111\u1ed9ng c\u1ef1c k\u1ef3 s\u1ed1ng \u0111\u1ed9ng. K\u1ef9 thu\u1eadt c\u1ecd v\u1ebd d\u00e0y \u2013 m\u1ecfng xen k\u1ebd t\u00e1i hi\u1ec7n ho\u00e0n h\u1ea3o k\u1ebft c\u1ea5u n\u01b0\u1edbc v\u00e0 b\u1ecdt bi\u1ec3n, mang l\u1ea1i c\u1ea3m gi\u00e1c ch\u00e2n th\u1ef1c nh\u01b0 \u0111ang \u0111\u1ee9ng tr\u01b0\u1edbc \u0111\u1ea1i d\u01b0\u01a1ng th\u1ef1c th\u1ee5.<\/li>\n<li><strong>Gi\u00e1 tr\u1ecb bi\u1ec3u \u0111\u1ea1t:<\/strong> B\u1ee9c tranh truy\u1ec1n t\u1ea3i s\u1ee9c m\u1ea1nh h\u00f9ng v\u0129, s\u1ef1 chuy\u1ec3n \u0111\u1ed9ng kh\u00f4ng ng\u1eebng v\u00e0 v\u1ebb \u0111\u1eb9p hoang d\u00e3 c\u1ee7a thi\u00ean nhi\u00ean. N\u00f3 kh\u01a1i g\u1ee3i c\u1ea3m x\u00fac v\u1ec1 s\u1ef1 nh\u1ecf b\u00e9 c\u1ee7a con ng\u01b0\u1eddi tr\u01b0\u1edbc \u0111\u1ea1i d\u01b0\u01a1ng, \u0111\u1ed3ng th\u1eddi th\u1ec3 hi\u1ec7n tinh th\u1ea7n ng\u01b0\u1ee1ng m\u1ed9 v\u00e0 t\u00f4n k\u00ednh bi\u1ec3n c\u1ea3.<\/li>\n<li><strong>Gi\u00e1 tr\u1ecb th\u1ea9m \u0111\u1ecbnh:<\/strong> T\u00e1c ph\u1ea9m s\u1edf h\u1eefu b\u1ed1 c\u1ee5c c\u00e2n \u0111\u1ed1i, nh\u1ecbp \u0111i\u1ec7u m\u1ea1nh m\u1ebd, k\u1ef9 thu\u1eadt s\u01a1n d\u1ea7u (ho\u1eb7c acrylic) chuy\u00ean nghi\u1ec7p, ph\u00f9 h\u1ee3p \u0111\u1ec3 tr\u01b0ng b\u00e0y trong kh\u00f4ng gian hi\u1ec7n \u0111\u1ea1i ho\u1eb7c s\u01b0u t\u1eadp tranh phong c\u1ea3nh bi\u1ec3n. \u0110\u00e2y l\u00e0 m\u1ed9t t\u00e1c ph\u1ea9m c\u00f3 gi\u00e1 tr\u1ecb ngh\u1ec7 thu\u1eadt cao, d\u1ec5 g\u00e2y \u1ea5n t\u01b0\u1ee3ng m\u1ea1nh v\u00e0 mang t\u00ednh bi\u1ec3u t\u01b0\u1ee3ng v\u1ec1 v\u1ebb \u0111\u1eb9p thi\u00ean nhi\u00ean Vi\u1ec7t Nam c\u0169ng nh\u01b0 th\u1ebf gi\u1edbi.<\/li>\n<\/ul>\n<div id=\"ACBC4197_CF72_E970_D657_023A77A14554\"><\/div>\n<div id=\"ACBC4197_CF72_E970_D657_023A77A14554\"><\/div>\n","protected":false},"excerpt":{"rendered":"<p dir=\"auto\">B\u1ee9c tranh kh\u1eafc h\u1ecda kho\u1ea3nh kh\u1eafc m\u1ed9t l\u00e0n s\u00f3ng bi\u1ec3n kh\u1ed5ng l\u1ed3 \u0111ang h\u00ecnh th\u00e0nh v\u00e0 cu\u1ed9n tr\u00e0o gi\u1eefa \u0111\u1ea1i d\u01b0\u01a1ng r\u1ed9ng l\u1edbn. \u0110\u1ec9nh s\u00f3ng tr\u1eafng x\u00f3a tung b\u1ecdt n\u01b0\u1edbc, th\u00e2n s\u00f3ng u\u1ed1n l\u01b0\u1ee3n t\u1ea1o th\u00e0nh h\u00ecnh \u1ed1ng (barrel) v\u1edbi nh\u1eefng l\u1edbp m\u00e0u xanh ng\u1ecdc b\u00edch l\u1ea5p l\u00e1nh chuy\u1ec3n d\u1ea7n sang xanh d\u01b0\u01a1ng s\u00e2u th\u1eb3m. N\u1ec1n l\u00e0 b\u1ea7u tr\u1eddi xanh nh\u1ea1t thanh b\u00ecnh v\u00e0 m\u1eb7t bi\u1ec3n t\u1ed1i m\u00e0u \u0111ang chuy\u1ec3n \u0111\u1ed9ng m\u1ea1nh m\u1ebd, t\u1ea1o c\u1ea3m gi\u00e1c s\u00f3ng s\u1eafp v\u1ee1 tung \u0111\u1ea7y k\u1ecbch t\u00ednh.<\/p>\n<div id=\"ACBC4197_CF72_E970_D657_023A77A14554\"><\/div>\n<div id=\"ACBC4197_CF72_E970_D657_023A77A14554\"><\/div>\n","protected":false},"featured_media":159,"comment_status":"open","ping_status":"closed","template":"","meta":[],"product_brand":[],"product_cat":[25],"product_tag":[],"class_list":{"0":"post-154","1":"product","2":"type-product","3":"status-publish","4":"has-post-thumbnail","6":"product_cat-tranh","8":"first","9":"instock","10":"shipping-taxable","11":"product-type-simple"},"jetpack_sharing_enabled":true,"_links":{"self":[{"href":"https:\/\/dongtocviet.online\/index.php?rest_route=\/wp\/v2\/product\/154","targetHints":{"allow":["GET"]}}],"collection":[{"href":"https:\/\/dongtocviet.online\/index.php?rest_route=\/wp\/v2\/product"}],"about":[{"href":"https:\/\/dongtocviet.online\/index.php?rest_route=\/wp\/v2\/types\/product"}],"replies":[{"embeddable":true,"href":"https:\/\/dongtocviet.online\/index.php?rest_route=%2Fwp%2Fv2%2Fcomments&post=154"}],"wp:featuredmedia":[{"embeddable":true,"href":"https:\/\/dongtocviet.online\/index.php?rest_route=\/wp\/v2\/media\/159"}],"wp:attachment":[{"href":"https:\/\/dongtocviet.online\/index.php?rest_route=%2Fwp%2Fv2%2Fmedia&parent=154"}],"wp:term":[{"taxonomy":"product_brand","embeddable":true,"href":"https:\/\/dongtocviet.online\/index.php?rest_route=%2Fwp%2Fv2%2Fproduct_brand&post=154"},{"taxonomy":"product_cat","embeddable":true,"href":"https:\/\/dongtocviet.online\/index.php?rest_route=%2Fwp%2Fv2%2Fproduct_cat&post=154"},{"taxonomy":"product_tag","embeddable":true,"href":"https:\/\/dongtocviet.online\/index.php?rest_route=%2Fwp%2Fv2%2Fproduct_tag&post=154"}],"curies":[{"name":"wp","href":"https:\/\/api.w.org\/{rel}","templated":true}]}}