{"id":117,"date":"2025-11-21T19:31:32","date_gmt":"2025-11-21T19:31:32","guid":{"rendered":"https:\/\/dongtocviet.online\/?post_type=product&#038;p=117"},"modified":"2025-11-21T20:03:16","modified_gmt":"2025-11-21T20:03:16","slug":"minimal-creative-art","status":"publish","type":"product","link":"https:\/\/dongtocviet.online\/?product=minimal-creative-art","title":{"rendered":"Minimal Creative Art"},"content":{"rendered":"<p data-start=\"985\" data-end=\"1107\">Thi\u1ebft k\u1ebf t\u1ed1i gi\u1ea3n k\u1ebft h\u1ee3p y\u1ebfu t\u1ed1 ngh\u1ec7 thu\u1eadt hi\u1ec7n \u0111\u1ea1i, ph\u00f9 h\u1ee3p v\u1edbi kh\u00f4ng gian s\u1ed1ng sang tr\u1ecdng v\u00e0 c\u00e1 t\u00ednh.<\/p>\n","protected":false},"excerpt":{"rendered":"<p data-start=\"985\" data-end=\"1107\">Thi\u1ebft k\u1ebf t\u1ed1i gi\u1ea3n k\u1ebft h\u1ee3p y\u1ebfu t\u1ed1 ngh\u1ec7 thu\u1eadt hi\u1ec7n \u0111\u1ea1i, ph\u00f9 h\u1ee3p v\u1edbi kh\u00f4ng gian s\u1ed1ng sang tr\u1ecdng v\u00e0 c\u00e1 t\u00ednh.<\/p>\n","protected":false},"featured_media":114,"comment_status":"open","ping_status":"closed","template":"","meta":[],"product_brand":[],"product_cat":[22],"product_tag":[],"class_list":{"0":"post-117","1":"product","2":"type-product","3":"status-publish","4":"has-post-thumbnail","6":"product_cat-chua-phan-loai","8":"first","9":"instock","10":"shipping-taxable","11":"purchasable","12":"product-type-simple"},"jetpack_sharing_enabled":true,"_links":{"self":[{"href":"https:\/\/dongtocviet.online\/index.php?rest_route=\/wp\/v2\/product\/117","targetHints":{"allow":["GET"]}}],"collection":[{"href":"https:\/\/dongtocviet.online\/index.php?rest_route=\/wp\/v2\/product"}],"about":[{"href":"https:\/\/dongtocviet.online\/index.php?rest_route=\/wp\/v2\/types\/product"}],"replies":[{"embeddable":true,"href":"https:\/\/dongtocviet.online\/index.php?rest_route=%2Fwp%2Fv2%2Fcomments&post=117"}],"wp:featuredmedia":[{"embeddable":true,"href":"https:\/\/dongtocviet.online\/index.php?rest_route=\/wp\/v2\/media\/114"}],"wp:attachment":[{"href":"https:\/\/dongtocviet.online\/index.php?rest_route=%2Fwp%2Fv2%2Fmedia&parent=117"}],"wp:term":[{"taxonomy":"product_brand","embeddable":true,"href":"https:\/\/dongtocviet.online\/index.php?rest_route=%2Fwp%2Fv2%2Fproduct_brand&post=117"},{"taxonomy":"product_cat","embeddable":true,"href":"https:\/\/dongtocviet.online\/index.php?rest_route=%2Fwp%2Fv2%2Fproduct_cat&post=117"},{"taxonomy":"product_tag","embeddable":true,"href":"https:\/\/dongtocviet.online\/index.php?rest_route=%2Fwp%2Fv2%2Fproduct_tag&post=117"}],"curies":[{"name":"wp","href":"https:\/\/api.w.org\/{rel}","templated":true}]}}