{"id":116,"date":"2025-11-21T19:30:13","date_gmt":"2025-11-21T19:30:13","guid":{"rendered":"https:\/\/dongtocviet.online\/?post_type=product&#038;p=116"},"modified":"2025-11-21T20:03:32","modified_gmt":"2025-11-21T20:03:32","slug":"wild-flower-whisper","status":"publish","type":"product","link":"https:\/\/dongtocviet.online\/?product=wild-flower-whisper","title":{"rendered":"Wild Flower Whisper"},"content":{"rendered":"<p data-start=\"775\" data-end=\"894\">S\u1ef1 m\u1ec1m m\u1ea1i c\u1ee7a hoa d\u1ea1i \u0111\u01b0\u1ee3c th\u1ec3 hi\u1ec7n qua n\u00e9t c\u1ecd tinh t\u1ebf, mang \u0111\u1ebfn c\u1ea3m gi\u00e1c nh\u1eb9 nh\u00e0ng v\u00e0 \u0111\u1ea7y ch\u1ea5t th\u01a1.<\/p>\n","protected":false},"excerpt":{"rendered":"<p data-start=\"775\" data-end=\"894\">S\u1ef1 m\u1ec1m m\u1ea1i c\u1ee7a hoa d\u1ea1i \u0111\u01b0\u1ee3c th\u1ec3 hi\u1ec7n qua n\u00e9t c\u1ecd tinh t\u1ebf, mang \u0111\u1ebfn c\u1ea3m gi\u00e1c nh\u1eb9 nh\u00e0ng v\u00e0 \u0111\u1ea7y ch\u1ea5t th\u01a1.<\/p>\n","protected":false},"featured_media":114,"comment_status":"open","ping_status":"closed","template":"","meta":[],"product_brand":[],"product_cat":[22],"product_tag":[],"class_list":{"0":"post-116","1":"product","2":"type-product","3":"status-publish","4":"has-post-thumbnail","6":"product_cat-chua-phan-loai","8":"first","9":"instock","10":"shipping-taxable","11":"purchasable","12":"product-type-simple"},"jetpack_sharing_enabled":true,"_links":{"self":[{"href":"https:\/\/dongtocviet.online\/index.php?rest_route=\/wp\/v2\/product\/116","targetHints":{"allow":["GET"]}}],"collection":[{"href":"https:\/\/dongtocviet.online\/index.php?rest_route=\/wp\/v2\/product"}],"about":[{"href":"https:\/\/dongtocviet.online\/index.php?rest_route=\/wp\/v2\/types\/product"}],"replies":[{"embeddable":true,"href":"https:\/\/dongtocviet.online\/index.php?rest_route=%2Fwp%2Fv2%2Fcomments&post=116"}],"wp:featuredmedia":[{"embeddable":true,"href":"https:\/\/dongtocviet.online\/index.php?rest_route=\/wp\/v2\/media\/114"}],"wp:attachment":[{"href":"https:\/\/dongtocviet.online\/index.php?rest_route=%2Fwp%2Fv2%2Fmedia&parent=116"}],"wp:term":[{"taxonomy":"product_brand","embeddable":true,"href":"https:\/\/dongtocviet.online\/index.php?rest_route=%2Fwp%2Fv2%2Fproduct_brand&post=116"},{"taxonomy":"product_cat","embeddable":true,"href":"https:\/\/dongtocviet.online\/index.php?rest_route=%2Fwp%2Fv2%2Fproduct_cat&post=116"},{"taxonomy":"product_tag","embeddable":true,"href":"https:\/\/dongtocviet.online\/index.php?rest_route=%2Fwp%2Fv2%2Fproduct_tag&post=116"}],"curies":[{"name":"wp","href":"https:\/\/api.w.org\/{rel}","templated":true}]}}