{"id":115,"date":"2025-11-21T19:29:02","date_gmt":"2025-11-21T19:29:02","guid":{"rendered":"https:\/\/dongtocviet.online\/?post_type=product&#038;p=115"},"modified":"2025-11-21T20:04:05","modified_gmt":"2025-11-21T20:04:05","slug":"silent-landscape","status":"publish","type":"product","link":"https:\/\/dongtocviet.online\/?product=silent-landscape","title":{"rendered":"Silent Landscape"},"content":{"rendered":"<p>B\u1ee9c tranh g\u1ee3i c\u1ea3m gi\u00e1c y\u00ean b\u00ecnh v\u00e0 th\u01b0 th\u00e1i, t\u00e1i hi\u1ec7n v\u1ebb \u0111\u1eb9p nh\u1eb9 nh\u00e0ng c\u1ee7a thi\u00ean nhi\u00ean v\u1edbi gam m\u00e0u d\u1ecbu m\u1eaft.<\/p>\n","protected":false},"excerpt":{"rendered":"<p>B\u1ee9c tranh g\u1ee3i c\u1ea3m gi\u00e1c y\u00ean b\u00ecnh v\u00e0 th\u01b0 th\u00e1i, t\u00e1i hi\u1ec7n v\u1ebb \u0111\u1eb9p nh\u1eb9 nh\u00e0ng c\u1ee7a thi\u00ean nhi\u00ean v\u1edbi gam m\u00e0u d\u1ecbu m\u1eaft.<\/p>\n","protected":false},"featured_media":114,"comment_status":"open","ping_status":"closed","template":"","meta":[],"product_brand":[],"product_cat":[22],"product_tag":[],"class_list":{"0":"post-115","1":"product","2":"type-product","3":"status-publish","4":"has-post-thumbnail","6":"product_cat-chua-phan-loai","8":"first","9":"instock","10":"shipping-taxable","11":"purchasable","12":"product-type-simple"},"jetpack_sharing_enabled":true,"_links":{"self":[{"href":"https:\/\/dongtocviet.online\/index.php?rest_route=\/wp\/v2\/product\/115","targetHints":{"allow":["GET"]}}],"collection":[{"href":"https:\/\/dongtocviet.online\/index.php?rest_route=\/wp\/v2\/product"}],"about":[{"href":"https:\/\/dongtocviet.online\/index.php?rest_route=\/wp\/v2\/types\/product"}],"replies":[{"embeddable":true,"href":"https:\/\/dongtocviet.online\/index.php?rest_route=%2Fwp%2Fv2%2Fcomments&post=115"}],"wp:featuredmedia":[{"embeddable":true,"href":"https:\/\/dongtocviet.online\/index.php?rest_route=\/wp\/v2\/media\/114"}],"wp:attachment":[{"href":"https:\/\/dongtocviet.online\/index.php?rest_route=%2Fwp%2Fv2%2Fmedia&parent=115"}],"wp:term":[{"taxonomy":"product_brand","embeddable":true,"href":"https:\/\/dongtocviet.online\/index.php?rest_route=%2Fwp%2Fv2%2Fproduct_brand&post=115"},{"taxonomy":"product_cat","embeddable":true,"href":"https:\/\/dongtocviet.online\/index.php?rest_route=%2Fwp%2Fv2%2Fproduct_cat&post=115"},{"taxonomy":"product_tag","embeddable":true,"href":"https:\/\/dongtocviet.online\/index.php?rest_route=%2Fwp%2Fv2%2Fproduct_tag&post=115"}],"curies":[{"name":"wp","href":"https:\/\/api.w.org\/{rel}","templated":true}]}}