{"id":54,"date":"2025-11-21T17:31:11","date_gmt":"2025-11-21T17:31:11","guid":{"rendered":"https:\/\/dongtocviet.online\/?page_id=54"},"modified":"2026-03-14T02:07:17","modified_gmt":"2026-03-14T02:07:17","slug":"gio-hang","status":"publish","type":"page","link":"https:\/\/dongtocviet.online\/?page_id=54","title":{"rendered":"Gi\u1ecf h\u00e0ng"},"content":{"rendered":"\n<div data-block-name=\"woocommerce\/cart\" class=\"wp-block-woocommerce-cart alignwide is-loading\">\n<div data-block-name=\"woocommerce\/filled-cart-block\" class=\"wp-block-woocommerce-filled-cart-block\">\n<div data-block-name=\"woocommerce\/cart-items-block\" class=\"wp-block-woocommerce-cart-items-block\">\n<div data-block-name=\"woocommerce\/cart-line-items-block\" class=\"wp-block-woocommerce-cart-line-items-block\"><\/div>\n\n\n<\/div>\n\n\n\n\n<div data-block-name=\"woocommerce\/cart-totals-block\" class=\"wp-block-woocommerce-cart-totals-block\">\n<div data-block-name=\"woocommerce\/cart-order-summary-block\" class=\"wp-block-woocommerce-cart-order-summary-block\">\n<div data-block-name=\"woocommerce\/cart-order-summary-heading-block\" class=\"wp-block-woocommerce-cart-order-summary-heading-block\"><\/div><div data-block-name=\"woocommerce\/cart-order-summary-coupon-form-block\" class=\"wp-block-woocommerce-cart-order-summary-coupon-form-block\"><\/div><div data-block-name=\"woocommerce\/cart-order-summary-totals-block\" class=\"wp-block-woocommerce-cart-order-summary-totals-block\">\n<div data-block-name=\"woocommerce\/cart-order-summary-subtotal-block\" class=\"wp-block-woocommerce-cart-order-summary-subtotal-block\"><\/div>\n<div data-block-name=\"woocommerce\/cart-order-summary-discount-block\" class=\"wp-block-woocommerce-cart-order-summary-discount-block\"><\/div>\n<div data-block-name=\"woocommerce\/cart-order-summary-fee-block\" class=\"wp-block-woocommerce-cart-order-summary-fee-block\"><\/div>\n<div data-block-name=\"woocommerce\/cart-order-summary-shipping-block\" class=\"wp-block-woocommerce-cart-order-summary-shipping-block\"><\/div>\n<div data-block-name=\"woocommerce\/cart-order-summary-taxes-block\" class=\"wp-block-woocommerce-cart-order-summary-taxes-block\"><\/div><\/div>\n<\/div>\n\n\n\n<div data-block-name=\"woocommerce\/cart-express-payment-block\" class=\"wp-block-woocommerce-cart-express-payment-block\"><\/div>\n\n\n\n<div data-block-name=\"woocommerce\/proceed-to-checkout-block\" class=\"wp-block-woocommerce-proceed-to-checkout-block\"><\/div>\n\n\n\n<div data-block-name=\"woocommerce\/cart-accepted-payment-methods-block\" class=\"wp-block-woocommerce-cart-accepted-payment-methods-block\"><\/div>\n<\/div>\n<\/div>\n\n\n\n<div data-block-name=\"woocommerce\/empty-cart-block\" class=\"wp-block-woocommerce-empty-cart-block\">\n<h2 class=\"wp-block-heading has-text-align-center with-empty-cart-icon wc-block-cart__empty-cart__title\">Gi\u1ecf h\u00e0ng hi\u1ec7n t\u1ea1i ch\u01b0a c\u00f3 s\u1ea3n ph\u1ea9m n\u00e0o!<\/h2>\n\n\n\n<hr class=\"wp-block-separator has-alpha-channel-opacity is-style-dots\"\/>\n\n\n\n<h2 class=\"wp-block-heading has-text-align-center\">M\u1edbi trong c\u1eeda h\u00e0ng<\/h2>\n\n\n<div data-block-name=\"woocommerce\/product-new\" data-columns=\"4\" data-rows=\"1\" class=\"wc-block-grid wp-block-product-new wp-block-woocommerce-product-new wc-block-product-new has-4-columns\"><ul class=\"wc-block-grid__products\"><li class=\"wc-block-grid__product\">\n\t\t\t\t<a href=\"https:\/\/dongtocviet.online\/?product=dong-suoi-thi-tham-anh-sang-rung-xanh\" class=\"wc-block-grid__product-link\">\n\t\t\t\t\t\n\t\t\t\t\t<div class=\"wc-block-grid__product-image\"><img fetchpriority=\"high\" decoding=\"async\" width=\"300\" height=\"300\" src=\"https:\/\/dongtocviet.online\/wp-content\/uploads\/woocommerce-placeholder.webp\" class=\"woocommerce-placeholder wp-post-image\" alt=\"\" srcset=\"https:\/\/dongtocviet.online\/wp-content\/uploads\/woocommerce-placeholder.webp 1200w, https:\/\/dongtocviet.online\/wp-content\/uploads\/woocommerce-placeholder-300x300.webp 300w, https:\/\/dongtocviet.online\/wp-content\/uploads\/woocommerce-placeholder-1024x1024.webp 1024w, https:\/\/dongtocviet.online\/wp-content\/uploads\/woocommerce-placeholder-150x150.webp 150w, https:\/\/dongtocviet.online\/wp-content\/uploads\/woocommerce-placeholder-768x768.webp 768w\" sizes=\"(max-width: 300px) 100vw, 300px\" \/><\/div>\n\t\t\t\t\t<div class=\"wc-block-grid__product-title\">D\u00f2ng Su\u1ed1i Th\u00ec Th\u1ea7m \u2013 \u00c1nh S\u00e1ng R\u1eebng Xanh<\/div>\n\t\t\t\t<\/a>\n\t\t\t\t<div class=\"wc-block-grid__product-price price\"><\/div>\n\t\t\t\t\n\t\t\t\t<div class=\"wp-block-button wc-block-grid__product-add-to-cart\"><a href=\"https:\/\/dongtocviet.online\/?product=dong-suoi-thi-tham-anh-sang-rung-xanh\" aria-label=\"Read more about &ldquo;D\u00f2ng Su\u1ed1i Th\u00ec Th\u1ea7m \u2013 \u00c1nh S\u00e1ng R\u1eebng Xanh&rdquo;\" data-quantity=\"1\" data-product_id=\"170\" data-product_sku=\"\" data-price=\"0\" rel=\"nofollow\" class=\"wp-block-button__link  add_to_cart_button\">Read more<\/a><\/div>\n\t\t\t<\/li><li class=\"wc-block-grid__product\">\n\t\t\t\t<a href=\"https:\/\/dongtocviet.online\/?product=tranh-hoang-hon-tim-mo\" class=\"wc-block-grid__product-link\">\n\t\t\t\t\t\n\t\t\t\t\t<div class=\"wc-block-grid__product-image\"><img fetchpriority=\"high\" decoding=\"async\" width=\"300\" height=\"300\" src=\"https:\/\/dongtocviet.online\/wp-content\/uploads\/woocommerce-placeholder.webp\" class=\"woocommerce-placeholder wp-post-image\" alt=\"\" srcset=\"https:\/\/dongtocviet.online\/wp-content\/uploads\/woocommerce-placeholder.webp 1200w, https:\/\/dongtocviet.online\/wp-content\/uploads\/woocommerce-placeholder-300x300.webp 300w, https:\/\/dongtocviet.online\/wp-content\/uploads\/woocommerce-placeholder-1024x1024.webp 1024w, https:\/\/dongtocviet.online\/wp-content\/uploads\/woocommerce-placeholder-150x150.webp 150w, https:\/\/dongtocviet.online\/wp-content\/uploads\/woocommerce-placeholder-768x768.webp 768w\" sizes=\"(max-width: 300px) 100vw, 300px\" \/><\/div>\n\t\t\t\t\t<div class=\"wc-block-grid__product-title\">Tranh Ho\u00e0ng H\u00f4n T\u00edm M\u01a1<\/div>\n\t\t\t\t<\/a>\n\t\t\t\t<div class=\"wc-block-grid__product-price price\"><\/div>\n\t\t\t\t\n\t\t\t\t<div class=\"wp-block-button wc-block-grid__product-add-to-cart\"><a href=\"https:\/\/dongtocviet.online\/?product=tranh-hoang-hon-tim-mo\" aria-label=\"Read more about &ldquo;Tranh Ho\u00e0ng H\u00f4n T\u00edm M\u01a1&rdquo;\" data-quantity=\"1\" data-product_id=\"169\" data-product_sku=\"\" data-price=\"0\" rel=\"nofollow\" class=\"wp-block-button__link  add_to_cart_button\">Read more<\/a><\/div>\n\t\t\t<\/li><li class=\"wc-block-grid__product\">\n\t\t\t\t<a href=\"https:\/\/dongtocviet.online\/?product=lan-song-cuon-trao\" class=\"wc-block-grid__product-link\">\n\t\t\t\t\t\n\t\t\t\t\t<div class=\"wc-block-grid__product-image\"><img decoding=\"async\" width=\"300\" height=\"300\" src=\"https:\/\/dongtocviet.online\/wp-content\/uploads\/2026\/03\/tranh-Lan-Song-Cuon-Trao-300x300.jpg\" class=\"attachment-woocommerce_thumbnail size-woocommerce_thumbnail\" alt=\"Tranh L\u00e0n S\u00f3ng Cu\u1ed9n Tr\u00e0o\" srcset=\"https:\/\/dongtocviet.online\/wp-content\/uploads\/2026\/03\/tranh-Lan-Song-Cuon-Trao-300x300.jpg 300w, https:\/\/dongtocviet.online\/wp-content\/uploads\/2026\/03\/tranh-Lan-Song-Cuon-Trao-150x150.jpg 150w, https:\/\/dongtocviet.online\/wp-content\/uploads\/2026\/03\/tranh-Lan-Song-Cuon-Trao-100x100.jpg 100w, https:\/\/dongtocviet.online\/wp-content\/uploads\/2026\/03\/tranh-Lan-Song-Cuon-Trao.jpg 500w\" sizes=\"(max-width: 300px) 100vw, 300px\" \/><\/div>\n\t\t\t\t\t<div class=\"wc-block-grid__product-title\">Tranh L\u00e0n S\u00f3ng Cu\u1ed9n Tr\u00e0o<\/div>\n\t\t\t\t<\/a>\n\t\t\t\t<div class=\"wc-block-grid__product-price price\"><\/div>\n\t\t\t\t\n\t\t\t\t<div class=\"wp-block-button wc-block-grid__product-add-to-cart\"><a href=\"https:\/\/dongtocviet.online\/?product=lan-song-cuon-trao\" aria-label=\"Read more about &ldquo;Tranh L\u00e0n S\u00f3ng Cu\u1ed9n Tr\u00e0o&rdquo;\" data-quantity=\"1\" data-product_id=\"154\" data-product_sku=\"\" data-price=\"0\" rel=\"nofollow\" class=\"wp-block-button__link  add_to_cart_button\">Read more<\/a><\/div>\n\t\t\t<\/li><li class=\"wc-block-grid__product\">\n\t\t\t\t<a href=\"https:\/\/dongtocviet.online\/?product=emotional-signature\" class=\"wc-block-grid__product-link\">\n\t\t\t\t\t\n\t\t\t\t\t<div class=\"wc-block-grid__product-image\"><img decoding=\"async\" width=\"300\" height=\"300\" src=\"https:\/\/dongtocviet.online\/wp-content\/uploads\/2025\/11\/placeholder-13-300x300.png\" class=\"attachment-woocommerce_thumbnail size-woocommerce_thumbnail\" alt=\"Emotional Signature\" srcset=\"https:\/\/dongtocviet.online\/wp-content\/uploads\/2025\/11\/placeholder-13-300x300.png 300w, https:\/\/dongtocviet.online\/wp-content\/uploads\/2025\/11\/placeholder-13-150x150.png 150w, https:\/\/dongtocviet.online\/wp-content\/uploads\/2025\/11\/placeholder-13-100x100.png 100w, https:\/\/dongtocviet.online\/wp-content\/uploads\/2025\/11\/elementor\/thumbs\/placeholder-13-rf1oqi4lt0nn3sq5myblp2vn4osvzykb8py7xho2tc.png 1000w, https:\/\/dongtocviet.online\/wp-content\/uploads\/2025\/11\/elementor\/thumbs\/placeholder-13-rf1oqi4gxlhwns37zaux8ri6zbydcxpfpjljbvr88g.png 600w, https:\/\/dongtocviet.online\/wp-content\/uploads\/2025\/11\/elementor\/thumbs\/placeholder-13-150x150.png 1536w, https:\/\/dongtocviet.online\/wp-content\/uploads\/2025\/11\/elementor\/thumbs\/placeholder-13-rf1oqi4m3jkdw4a93hqa7c78z90h9zc31y927fdt1c.png 1024w\" sizes=\"(max-width: 300px) 100vw, 300px\" \/><\/div>\n\t\t\t\t\t<div class=\"wc-block-grid__product-title\">Emotional Signature<\/div>\n\t\t\t\t<\/a>\n\t\t\t\t<div class=\"wc-block-grid__product-price price\"><span class=\"woocommerce-Price-amount amount\">1.990.000&nbsp;<span class=\"woocommerce-Price-currencySymbol\">&#8363;<\/span><\/span><\/div>\n\t\t\t\t\n\t\t\t\t<div class=\"wp-block-button wc-block-grid__product-add-to-cart\"><a href=\"https:\/\/dongtocviet.online\/?product=emotional-signature\" aria-label=\"Read more about &ldquo;Emotional Signature&rdquo;\" data-quantity=\"1\" data-product_id=\"118\" data-product_sku=\"\" data-price=\"1990000\" rel=\"nofollow\" class=\"wp-block-button__link  add_to_cart_button\">Read more<\/a><\/div>\n\t\t\t<\/li><\/ul><\/div><\/div>\n<\/div>\n","protected":false},"excerpt":{"rendered":"","protected":false},"author":1,"featured_media":0,"parent":0,"menu_order":0,"comment_status":"closed","ping_status":"closed","template":"","meta":{"footnotes":""},"class_list":["post-54","page","type-page","status-publish","hentry"],"jetpack_sharing_enabled":true,"_links":{"self":[{"href":"https:\/\/dongtocviet.online\/index.php?rest_route=\/wp\/v2\/pages\/54","targetHints":{"allow":["GET"]}}],"collection":[{"href":"https:\/\/dongtocviet.online\/index.php?rest_route=\/wp\/v2\/pages"}],"about":[{"href":"https:\/\/dongtocviet.online\/index.php?rest_route=\/wp\/v2\/types\/page"}],"author":[{"embeddable":true,"href":"https:\/\/dongtocviet.online\/index.php?rest_route=\/wp\/v2\/users\/1"}],"replies":[{"embeddable":true,"href":"https:\/\/dongtocviet.online\/index.php?rest_route=%2Fwp%2Fv2%2Fcomments&post=54"}],"version-history":[{"count":1,"href":"https:\/\/dongtocviet.online\/index.php?rest_route=\/wp\/v2\/pages\/54\/revisions"}],"predecessor-version":[{"id":202,"href":"https:\/\/dongtocviet.online\/index.php?rest_route=\/wp\/v2\/pages\/54\/revisions\/202"}],"wp:attachment":[{"href":"https:\/\/dongtocviet.online\/index.php?rest_route=%2Fwp%2Fv2%2Fmedia&parent=54"}],"curies":[{"name":"wp","href":"https:\/\/api.w.org\/{rel}","templated":true}]}}